{"id":7,"date":"2025-07-11T20:14:47","date_gmt":"2025-07-11T20:14:47","guid":{"rendered":"https:\/\/marcaoriginal.reynaldocarvalho.com.br\/politica\/?page_id=7"},"modified":"2025-07-21T22:53:06","modified_gmt":"2025-07-21T22:53:06","slug":"elementor-7","status":"publish","type":"page","link":"https:\/\/marcaoriginal.reynaldocarvalho.com.br\/politica\/","title":{"rendered":"Pol\u00edtica de Privacidade"},"content":{"rendered":"\t\t<div data-elementor-type=\"wp-post\" data-elementor-id=\"7\" class=\"elementor elementor-7\">\n\t\t\t\t<div class=\"elementor-element elementor-element-7d7ae7ae e-flex e-con-boxed e-con e-parent\" data-id=\"7d7ae7ae\" data-element_type=\"container\">\n\t\t\t\t\t<div class=\"e-con-inner\">\n\t\t\t\t<div class=\"elementor-element elementor-element-3fb4d176 elementor-widget elementor-widget-text-editor\" data-id=\"3fb4d176\" data-element_type=\"widget\" data-widget_type=\"text-editor.default\">\n\t\t\t\t\t\t\t\t\t<div style=\"color: ##061120; font-family: Arial, sans-serif; line-height: 1.6; font-size: 16px;\">\n<h1>Pol\u00edtica de Privacidade<\/h1>\n<\/div>\t\t\t\t\t\t\t\t<\/div>\n\t\t\t\t<div class=\"elementor-element elementor-element-62aea315 elementor-widget elementor-widget-text-editor\" data-id=\"62aea315\" data-element_type=\"widget\" data-widget_type=\"text-editor.default\">\n\t\t\t\t\t\t\t\t\t<div style=\"color: ##061120; font-family: Arial, sans-serif; line-height: 1.6; font-size: 16px;\">\n<p><strong>POL\u00cdTICA DE PRIVACIDADE<\/strong><br>\u00daltima atualiza\u00e7\u00e3o: 11\/07\/2025<\/p>\n<p><strong>1. OBJETO<\/strong><br>Esta Pol\u00edtica de Privacidade visa demonstrar o compromisso com a seguran\u00e7a e a privacidade das informa\u00e7\u00f5es dos usu\u00e1rios deste website, cuja titularidade pertence a Reynaldo Branding &amp; Marketing Ltda, inscrita no CNPJ n\u00ba 50.301.923\/0001-51, doravante denominada CONTROLADOR.<\/p>\n<p>O tratamento dos dados pessoais \u00e9 realizado em conformidade com a Lei Geral de Prote\u00e7\u00e3o de Dados (Lei n\u00ba 13.709\/2018 \u2013 LGPD) e demais normas aplic\u00e1veis.<\/p>\n<p>Ao acessar e utilizar este website voc\u00ea, usu\u00e1rio, na qualidade de TITULAR DOS DADOS, concorda com os termos desta pol\u00edtica de forma inequ\u00edvoca e sem efeitos retroativos. O uso do site est\u00e1 subordinado a esta pol\u00edtica e \u00e0 legisla\u00e7\u00e3o brasileira aplic\u00e1vel, em especial \u00e0 Lei n\u00ba 13.709\/2018 \u2013 Lei Geral de Prote\u00e7\u00e3o de Dados Pessoais (LGPD).<br>Esta Pol\u00edtica de Privacidade aplica-se a toda e qualquer p\u00e1gina web e dom\u00ednios de propriedade de Reynaldo Branding &amp; Marketing LTDA.<\/p>\n<p>Conforme consta na legisla\u00e7\u00e3o supracitada, cabe ao CONTROLADOR indicar o encarregado pela prote\u00e7\u00e3o de dados e informar de forma clara e objetiva seus dados, conforme segue.<\/p>\n<p><strong>2. ENCARREGADO DE PROTE\u00c7\u00c3O DE DADOS<\/strong><br>Respons\u00e1vel: Reynaldo Branding &amp; Marketing Ltda<br>Endere\u00e7o: Rua Ribeir\u00e3o Areia, 1884, Bairro Ribeir\u00e3o Areia, Pomerode\/SC<br>E-mail: <a href=\"mailto:contato@reynaldocarvalho.com.br\">contato@reynaldocarvalho.com.br<\/a><\/p>\n<p><strong>3. DADOS PESSOAIS COLETADOS<\/strong><br>Durante sua navega\u00e7\u00e3o no site, cadastro em newsletter, inscri\u00e7\u00e3o e\/ou uso do curso na plataforma da Reynaldo Branding &amp; Marketing Ltda, poder\u00e3o ser coletados os seguintes dados:<\/p>\n<p><em>a) Fornecidos ativamente pelo usu\u00e1rio:<\/em><br>&#8211; Nome completo<br>&#8211; CPF e\/ou CNPJ (para emiss\u00e3o de nota fiscal)<br>&#8211; E-mail<br>&#8211; Telefone<br>&#8211; Endere\u00e7o<\/p>\n<p><em>b) Coletados automaticamente:<\/em><br>&#8211; Endere\u00e7o IP, data e hora<br>&#8211; Informa\u00e7\u00f5es sobre dispositivo e navegador<br>&#8211; P\u00e1ginas acessadas e intera\u00e7\u00f5es<br>&#8211; Cookies e tecnologias similares (pixels, tags, etc.)<\/p>\n<p>O usu\u00e1rio poder\u00e1, a qualquer momento, configurar seu navegador para restringir ou desabilitar cookies. No entanto, isso poder\u00e1 limitar o funcionamento de certas funcionalidades do site e da \u00e1rea do aluno.<\/p>\n<p>As informa\u00e7\u00f5es poder\u00e3o ser compartilhadas com empresas provedoras de infraestrutura tecnol\u00f3gica e operacional, intermediadoras de pagamento e provedores de armazenamento. Tamb\u00e9m poder\u00e3o ser compartilhadas mediante decis\u00e3o judicial ou requisi\u00e7\u00e3o de autoridade competente, ou ainda, utilizadas na defesa de direitos do CONTROLADOR.<\/p>\n<p><strong>4. FINALIDADE DO TRATAMENTO<\/strong><br>Os dados pessoais s\u00e3o tratados com as seguintes finalidades:<\/p>\n<ul>\n<li>Processamento de compra e libera\u00e7\u00e3o de acesso ao curso<\/li>\n<li>Emiss\u00e3o de notas fiscais e cumprimento de obriga\u00e7\u00f5es legais<\/li>\n<li>Envio de comunica\u00e7\u00f5es administrativas, informativas ou promocionais (com consentimento)<\/li>\n<li>Atendimento ao aluno e suporte t\u00e9cnico<\/li>\n<li>Personaliza\u00e7\u00e3o da experi\u00eancia do usu\u00e1rio<\/li>\n<li>Cumprimento de obriga\u00e7\u00f5es legais e contratuais<\/li>\n<\/ul>\n<p>Os dados coletados s\u00e3o utilizados para melhorar a presta\u00e7\u00e3o de servi\u00e7os, personalizar a navega\u00e7\u00e3o e a experi\u00eancia do usu\u00e1rio, divulgar produtos e eventos mediante consentimento.<\/p>\n<p>A base legal \u00e9 o consentimento, a execu\u00e7\u00e3o de contrato e o cumprimento de obriga\u00e7\u00e3o legal, nos termos do art. 7\u00ba da LGPD.<\/p>\n<p><strong>5. COMPARTILHAMENTO DE DADOS<\/strong><br>Os dados poder\u00e3o ser compartilhados com:<\/p>\n<ul>\n<li>Empresas parceiras<\/li>\n<li>Plataformas de pagamento<\/li>\n<li>Plataformas de ensino<\/li>\n<li>Provedores de tecnologia<\/li>\n<li>Processadoras de ingressos<\/li>\n<li>Autoridades p\u00fablicas mediante exig\u00eancia legal<\/li>\n<li>Em disputas jur\u00eddicas ou altera\u00e7\u00f5es societ\u00e1rias<\/li>\n<\/ul>\n<p>Os dados n\u00e3o ser\u00e3o vendidos ou compartilhados com fins comerciais sem consentimento.<\/p>\n<p><strong>6. USO DE COOKIES E TECNOLOGIAS DE RASTREAMENTO<\/strong><br>Utilizamos cookies para:<\/p>\n<ul>\n<li>Armazenar prefer\u00eancias<\/li>\n<li>Realizar an\u00e1lises estat\u00edsticas<\/li>\n<li>Melhorar a navega\u00e7\u00e3o<\/li>\n<li>Personalizar a experi\u00eancia<\/li>\n<\/ul>\n<p>Desativar cookies pode impactar funcionalidades do site. Consulte a pol\u00edtica de seu navegador:<\/p>\n<ul>\n<li><a href=\"https:\/\/support.google.com\/accounts\/answer\/61416?co=GENIE.Platform%3DDesktop&amp;hl=pt-BR\" target=\"_blank\" rel=\"noopener\">Google Chrome <img decoding=\"async\" draggable=\"false\" role=\"img\" class=\"emoji\" alt=\"\ud83d\udd17\" src=\"https:\/\/s.w.org\/images\/core\/emoji\/16.0.1\/svg\/1f517.svg\"><\/a><\/li>\n<li><a href=\"https:\/\/support.microsoft.com\/pt-br\/windows\/gerencie-cookies-no-microsoft-edge-exibir-permitir-bloquear-excluir-e-usar-168dab11-0753-043d-7c16-ede5947fc64d\" target=\"_blank\" rel=\"noopener\">Internet Explorer <img decoding=\"async\" draggable=\"false\" role=\"img\" class=\"emoji\" alt=\"\ud83d\udd17\" src=\"https:\/\/s.w.org\/images\/core\/emoji\/16.0.1\/svg\/1f517.svg\"><\/a><\/li>\n<li><a href=\"https:\/\/support.mozilla.org\/pt-BR\/kb\/protecao-aprimorada-contra-rastreamento-firefox-desktop?redirectslug=ative-e-desative-os-cookies-que-os-sites-usam&amp;redirectlocale=pt-BR\" target=\"_blank\" rel=\"noopener\">Mozilla Firefox <img decoding=\"async\" draggable=\"false\" role=\"img\" class=\"emoji\" alt=\"\ud83d\udd17\" src=\"https:\/\/s.w.org\/images\/core\/emoji\/16.0.1\/svg\/1f517.svg\"><\/a><\/li>\n<li><a href=\"https:\/\/support.apple.com\/pt-br\/guide\/safari\/sfri11471\/mac\" target=\"_blank\" rel=\"noopener\">Safari <img decoding=\"async\" draggable=\"false\" role=\"img\" class=\"emoji\" alt=\"\ud83d\udd17\" src=\"https:\/\/s.w.org\/images\/core\/emoji\/16.0.1\/svg\/1f517.svg\"><\/a><\/li>\n<\/ul>\n<p><strong>7. SEGURAN\u00c7A DAS INFORMA\u00c7\u00d5ES<\/strong><br>Adotamos medidas como criptografia, backups e controle de acesso. Colaboradores autorizados devem manter sigilo absoluto. O usu\u00e1rio tamb\u00e9m deve proteger suas credenciais.<\/p>\n<p>Em caso de incidente relevante, ser\u00e1 comunicado \u00e0 ANPD e ao titular conforme o art. 48 da LGPD.<\/p>\n<p><strong>8. RETEN\u00c7\u00c3O DOS DADOS<\/strong><br>Os dados ser\u00e3o mantidos enquanto forem necess\u00e1rios para:<\/p>\n<ul>\n<li>Finalidades espec\u00edficas<\/li>\n<li>Execu\u00e7\u00e3o contratual<\/li>\n<li>Obriga\u00e7\u00f5es legais<\/li>\n<\/ul>\n<p>Ap\u00f3s esse per\u00edodo, poder\u00e3o ser eliminados ou anonimizados.<\/p>\n<p><strong>9. DIREITOS DO TITULAR<\/strong><br>Voc\u00ea pode exercer os seguintes direitos:<\/p>\n<ul>\n<li>Confirma\u00e7\u00e3o da exist\u00eancia de tratamento<\/li>\n<li>Acesso aos dados<\/li>\n<li>Corre\u00e7\u00e3o de dados incompletos, inexatos ou desatualizados<\/li>\n<li>Anonimiza\u00e7\u00e3o, bloqueio ou elimina\u00e7\u00e3o de dados desnecess\u00e1rios<\/li>\n<li>Elimina\u00e7\u00e3o dos dados com base no consentimento<\/li>\n<li>Revoga\u00e7\u00e3o do consentimento<\/li>\n<li>Portabilidade (quando aplic\u00e1vel)<\/li>\n<li>Informa\u00e7\u00f5es sobre uso e compartilhamento<\/li>\n<li>Oposi\u00e7\u00e3o ao tratamento<\/li>\n<\/ul>\n<p>Para exercer seus direitos, entre em contato: <a href=\"mailto:contato@reynaldocarvalho.com.br\">contato@reynaldocarvalho.com.br<\/a><\/p>\n<p><strong>10. ALTERA\u00c7\u00d5ES NA POL\u00cdTICA<\/strong><br>Esta Pol\u00edtica poder\u00e1 ser atualizada a qualquer momento. Em caso de mudan\u00e7as relevantes, os usu\u00e1rios poder\u00e3o ser notificados por e-mail ou aviso na plataforma.<\/p>\n<p>A vers\u00e3o atual estar\u00e1 sempre dispon\u00edvel no site.<\/p>\n<p><strong>11. LEGISLA\u00c7\u00c3O E FORO<\/strong><br>Esta Pol\u00edtica ser\u00e1 regida pela legisla\u00e7\u00e3o brasileira, especialmente pela Lei n\u00ba 13.709\/2018 \u2013 LGPD.<br>Fica eleito o foro da Comarca de Pomerode\/SC.<\/p><p><br><\/p>\n<p><strong>Reynaldo Branding &amp; Marketing Ltda<\/strong><br>Pomerode, 11 de julho de 2025<\/p>\n<\/div>\t\t\t\t\t\t\t\t<\/div>\n\t\t\t\t\t<\/div>\n\t\t\t\t<\/div>\n\t\t\t\t<section class=\"elementor-section elementor-top-section elementor-element elementor-element-1728d386 elementor-section-boxed elementor-section-height-default elementor-section-height-default\" data-id=\"1728d386\" data-element_type=\"section\" data-settings=\"{&quot;background_background&quot;:&quot;classic&quot;,&quot;animation&quot;:&quot;none&quot;,&quot;animation_delay&quot;:30000}\">\n\t\t\t\t\t\t<div class=\"elementor-container elementor-column-gap-default\">\n\t\t\t\t\t<div class=\"elementor-column elementor-col-100 elementor-top-column elementor-element elementor-element-2a86a4\" data-id=\"2a86a4\" data-element_type=\"column\">\n\t\t\t<div class=\"elementor-widget-wrap elementor-element-populated\">\n\t\t\t\t\t\t<div class=\"elementor-element elementor-element-7f330d22 elementor-widget elementor-widget-text-editor\" data-id=\"7f330d22\" data-element_type=\"widget\" data-widget_type=\"text-editor.default\">\n\t\t\t\t\t\t\t\t\t<h6>MARCA ORIGINAL | Todos os direitos reservados!<\/h6><p><a href=\"https:\/\/marcaoriginal.reynaldocarvalho.com.br\/\">P\u00e1gina de Vendas<\/a> |<a href=\"http:\/\/marcaoriginal.reynaldocarvalho.com.br\/termos\"> Termos de Uso<\/a><\/p><p><span style=\"text-transform: uppercase;\">rEYNALDO branding &amp; marketing ltda.<\/span><\/p>\t\t\t\t\t\t\t\t<\/div>\n\t\t\t\t\t<\/div>\n\t\t<\/div>\n\t\t\t\t\t<\/div>\n\t\t<\/section>\n\t\t\t\t<\/div>\n\t\t","protected":false},"excerpt":{"rendered":"<p>Pol\u00edtica de Privacidade POL\u00cdTICA DE PRIVACIDADE\u00daltima atualiza\u00e7\u00e3o: 11\/07\/2025 1. OBJETOEsta Pol\u00edtica de Privacidade visa demonstrar o compromisso com a seguran\u00e7a e a privacidade das informa\u00e7\u00f5es dos usu\u00e1rios deste website, cuja titularidade pertence a Reynaldo Branding &amp; Marketing Ltda, inscrita no CNPJ n\u00ba 50.301.923\/0001-51, doravante denominada CONTROLADOR. O tratamento dos dados pessoais \u00e9 realizado em conformidade [&hellip;]<\/p>\n","protected":false},"author":1,"featured_media":47,"parent":0,"menu_order":0,"comment_status":"closed","ping_status":"closed","template":"elementor_canvas","meta":{"pagelayer_contact_templates":[],"_pagelayer_content":"","footnotes":""},"class_list":["post-7","page","type-page","status-publish","has-post-thumbnail","hentry"],"_links":{"self":[{"href":"https:\/\/marcaoriginal.reynaldocarvalho.com.br\/politica\/wp-json\/wp\/v2\/pages\/7","targetHints":{"allow":["GET"]}}],"collection":[{"href":"https:\/\/marcaoriginal.reynaldocarvalho.com.br\/politica\/wp-json\/wp\/v2\/pages"}],"about":[{"href":"https:\/\/marcaoriginal.reynaldocarvalho.com.br\/politica\/wp-json\/wp\/v2\/types\/page"}],"author":[{"embeddable":true,"href":"https:\/\/marcaoriginal.reynaldocarvalho.com.br\/politica\/wp-json\/wp\/v2\/users\/1"}],"replies":[{"embeddable":true,"href":"https:\/\/marcaoriginal.reynaldocarvalho.com.br\/politica\/wp-json\/wp\/v2\/comments?post=7"}],"version-history":[{"count":34,"href":"https:\/\/marcaoriginal.reynaldocarvalho.com.br\/politica\/wp-json\/wp\/v2\/pages\/7\/revisions"}],"predecessor-version":[{"id":66,"href":"https:\/\/marcaoriginal.reynaldocarvalho.com.br\/politica\/wp-json\/wp\/v2\/pages\/7\/revisions\/66"}],"wp:featuredmedia":[{"embeddable":true,"href":"https:\/\/marcaoriginal.reynaldocarvalho.com.br\/politica\/wp-json\/wp\/v2\/media\/47"}],"wp:attachment":[{"href":"https:\/\/marcaoriginal.reynaldocarvalho.com.br\/politica\/wp-json\/wp\/v2\/media?parent=7"}],"curies":[{"name":"wp","href":"https:\/\/api.w.org\/{rel}","templated":true}]}}